{"id":1412,"date":"2024-01-21T22:23:21","date_gmt":"2024-01-21T22:23:21","guid":{"rendered":"http:\/\/anbc.org.br\/?page_id=1412"},"modified":"2025-02-11T16:17:10","modified_gmt":"2025-02-11T16:17:10","slug":"puestos","status":"publish","type":"page","link":"https:\/\/anbc.org.br\/es\/posicionamentos\/","title":{"rendered":"Puestos"},"content":{"rendered":"<div class=\"wpb-content-wrapper\"><section data-vc-full-width=\"true\" data-vc-full-width-init=\"false\" data-vc-parallax-image=\"https:\/\/anbc.org.br\/wp-content\/themes\/genemy\/images\/banner-1.jpg\" data-opacity=\"1\" data-size=\"cover\" data-width=\"100%\" data-position=\"cover\" data-repeat=\"cover\" data-attachment=\"inherit\" class=\"vc_section wide-60 bg-tra m-top-default m-bottom-default p-top-default p-bottom-default vc_custom_1705004699980 bg-inherit\"><div class=\"container\"><div class=\"vc_row wpb_row vc_row-fluid genemy-default bg-tra vc_custom_1705004809308\"><div class=\"wpb_column vc_column_container vc_col-sm-2 bg-tra\"><div class=\"vc_column-inner\"><div class=\"wpb_wrapper\"><\/div><\/div><\/div><div class=\"wpb_column vc_column_container vc_col-sm-8 bg-tra\"><div class=\"vc_column-inner\"><div class=\"wpb_wrapper\"><div  class=\"vc_wp_search wpb_content_element\"><div class=\"widget widget_search\"><div id=\"search-field\" class=\"search-widget\">\r\n    <form action=\"https:\/\/anbc.org.br\/es\/\"  role=\"search\" method=\"get\" id=\"searchform\" class=\"search-form\" data-trp-original-action=\"https:\/\/anbc.org.br\/es\/\">  \r\n        <div class=\"input-group mb-3\">\r\n\t\t  \t<input class=\"form-control\" placeholder=\"Introduzca aqu\u00ed su b\u00fasqueda...\" aria-label=\"Buscar en\" aria-describedby=\"search-field\" type=\"text\" name=\"s\" value=\"\">\r\n\t\t \t<div class=\"input-group-append\">\r\n\t\t    \t<button class=\"btn btn-lightgreen1\" type=\"submit\"><i class=\"fa fa-search\" aria-hidden=\"true\"><\/i><\/button>\r\n\t\t \t<\/div>\r\n\t\t<\/div>\r\n    <input type=\"hidden\" name=\"trp-form-language\" value=\"es\"\/><\/form>\r\n<\/div>\r\n\r\n\t\t\t\t\t\t\t\t\r\n\t\r\n<\/div><\/div><\/div><\/div><\/div><div class=\"wpb_column vc_column_container vc_col-sm-2 bg-tra\"><div class=\"vc_column-inner\"><div class=\"wpb_wrapper\"><\/div><\/div><\/div><\/div><\/div><\/section><div class=\"vc_row-full-width vc_clearfix\"><\/div><div class=\"vc_row wpb_row vc_row-fluid genemy-default bg-tra\"><div class=\"wpb_column vc_column_container vc_col-sm-12 bg-tra\"><div class=\"vc_column-inner\"><div class=\"wpb_wrapper\">\r\n\t<div  class=\"wpb_single_image wpb_content_element vc_align_left\">\r\n\t\t\r\n\t\t<figure class=\"wpb_wrapper vc_figure\">\r\n\t\t\t<div class=\"vc_single_image-wrapper   vc_box_border_grey\" ><img decoding=\"async\" class=\"vc_single_image-img img-fluid\"  src=\"http:\/\/anbc.org.br\/wp-content\/uploads\/2024\/04\/banenr-posicionamentos.webp\" \/><\/div>\r\n\t\t<\/figure>\r\n\t<\/div>\r\n<\/div><\/div><\/div><\/div><section id=\"blog\" data-vc-full-width=\"true\" data-vc-full-width-init=\"false\" data-vc-parallax-image=\"https:\/\/anbc.org.br\/wp-content\/themes\/genemy\/images\/banner-1.jpg\" data-opacity=\"1\" data-size=\"cover\" data-width=\"100%\" data-position=\"cover\" data-repeat=\"cover\" data-attachment=\"inherit\" class=\"vc_section wide-60 bg-white m-top-default m-bottom-default p-top-default p-bottom-default vc_custom_1702769671289 bg-inherit\"><div class=\"container\"><div class=\"vc_row wpb_row vc_row-fluid genemy-default bg-tra\"><div class=\"wpb_column vc_column_container vc_col-sm-12 bg-tra\"><div class=\"vc_column-inner\"><div class=\"wpb_wrapper\"><div class=\"row\">\t\r\n\t<div class=\"section-title text-center col-lg-10 offset-lg-1\">\r\n\t\t\t\t\t\t\t\r\n\t\t\t<h3 class=\"h3-xl\" style=\"font-family: 'Montserrat'; font-size: 1.8rem;\">Puestos<\/h3>\r\n\t\t\t\t<p class=\"p-lg Default-color\" style=\"font-size: 1.2rem;\">\t\t<\/p>\t\t\r\n\t<\/div>\t\t\r\n<\/div> \t <!-- END SECTION TITLE -->\t<div class=\"vc_empty_space\"   style=\"height: 45px\"><span class=\"vc_empty_space_inner\"><\/span><\/div><\/div><\/div><\/div><\/div><div class=\"vc_row wpb_row vc_row-fluid genemy-default bg-tra vc_custom_1705875686206\"><div class=\"wpb_column vc_column_container vc_col-sm-5 bg-tra\"><div class=\"vc_column-inner\"><div class=\"wpb_wrapper\"><div class=\"row\">\t\r\n\t<div class=\"Default Default Default Default Default Default Default Default text-left col-md-12\"> \r\n\t\t<div class=\"content-txt\">\r\n\t\t\t\t\t\t\t\t\t\r\n\t\t\t\t<h4 class=\"h4-xs default-color\"  data-animation=\"fadeInUp\" data-wow-delay=\"400ms\">Debido al estado de calamidad p\u00fablica en Rio Grande do Sul, las agencias de cr\u00e9dito suspenden la negaci\u00f3n de la deuda en el estado durante 60 d\u00edas<\/h4>\r\n\t\t\t\t\t\t\r\n\t\t\t\r\n\t\t\t\t\r\n\r\n\t\t\t\t\t\t\t<div class=\"section-buttons m-top-35 wow fadeInUp\" data-wow-delay=\"500ms\">\r\n\t\t\t\t<a target=\"_blank\" href=\"https:\/\/anbc.org.br\/wp-content\/uploads\/2024\/05\/2024_05_15_PosicionamentoRS-assinado.pdf\" title=\"Leer el art\u00edculo completo\" class=\"btn btn-arrow btn-skyblue btn-sm\"><span>Leer el art\u00edculo completo<i class=\"fa fa-angle-double-right\"><\/i><\/span><\/a>\t\t\t\t<\/div>\r\n\t\t\t\t\r\n\r\n\t\t\t\t\r\n\t\t<\/div>\r\n\t<\/div>\t\t\r\n<\/div> \t <!-- END SECTION content --><\/div><\/div><\/div><div class=\"wpb_column vc_column_container vc_col-sm-2 bg-tra\"><div class=\"vc_column-inner\"><div class=\"wpb_wrapper\">\r\n\t<div  class=\"wpb_single_image wpb_content_element vc_align_center\">\r\n\t\t\r\n\t\t<figure class=\"wpb_wrapper vc_figure\">\r\n\t\t\t<div class=\"vc_single_image-wrapper   vc_box_border_grey\" ><img decoding=\"async\" class=\"vc_single_image-img img-fluid\"  src=\"http:\/\/anbc.org.br\/wp-content\/uploads\/2024\/01\/icon-seta1.webp\" \/><\/div>\r\n\t\t<\/figure>\r\n\t<\/div>\r\n<\/div><\/div><\/div><div class=\"wpb_column vc_column_container vc_col-sm-5 bg-tra\"><div class=\"vc_column-inner\"><div class=\"wpb_wrapper\"><div class=\"abox-3 wow\">\r\n\t<h2 class=\"tra-digit rose-color\" data-animation=\"fadeInUp\" data-animation-delay=\"300\">\r\n\t\t\t<\/h2>\r\n\t\r\n\t<h5 class=\"h5-sm\" data-animation=\"fadeInUp\" data-animation-delay=\"300\">\r\n\t\t\t<\/h5><!-- title -->\t\r\n\t\r\n\t<p class=\"\" data-animation=\"fadeInUp\" data-animation-delay=\"400\">\r\n\t   16\/05\/24\n<p>El estado de Rio Grande do Sul se enfrenta a una situaci\u00f3n sin precedentes, cuyas consecuencias no se pueden predecir. El sector de las agencias de cr\u00e9dito ha seguido de cerca las medidas sociales, econ\u00f3micas y de emergencia que se han anunciado para mitigar las consecuencias de esta tragedia clim\u00e1tica.<\/p>\t<\/p><!-- lead text -->\r\n<\/div><\/div><\/div><\/div><\/div><div class=\"vc_row wpb_row vc_row-fluid genemy-default bg-tra vc_custom_1705875686206\"><div class=\"wpb_column vc_column_container vc_col-sm-5 bg-tra\"><div class=\"vc_column-inner\"><div class=\"wpb_wrapper\"><div class=\"row\">\t\r\n\t<div class=\"Default Default Default Default Default Default Default Default text-left col-md-12\"> \r\n\t\t<div class=\"content-txt\">\r\n\t\t\t\t\t\t\t\t\t\r\n\t\t\t\t<h4 class=\"h4-xs default-color\"  data-animation=\"fadeInUp\" data-wow-delay=\"400ms\">Carta al nuevo Gobierno (2023-2027)<\/h4>\r\n\t\t\t\t\t\t\t\t\t\t<p class=\"p-lg grey-color wow fadeInUp\" data-animation=\"fadeInUp\" data-wow-delay=\"500ms\">La carta al nuevo Gobierno propone medidas para reanudar el crecimiento y subraya la necesidad de estimular el cr\u00e9dito<\/p>\t\r\n\t\t\t\r\n\t\t\t\r\n\t\t\t\t\r\n\r\n\t\t\t\t\t\t\t<div class=\"section-buttons m-top-35 wow fadeInUp\" data-wow-delay=\"600ms\">\r\n\t\t\t\t<a target=\"_self\" href=\"https:\/\/anbc.org.br\/es\/carta-al-nuevo-gobierno-2023-2027\/\" title=\"Leer el art\u00edculo completo\" class=\"btn btn-arrow btn-skyblue btn-sm\"><span>Leer el art\u00edculo completo<i class=\"fa fa-angle-double-right\"><\/i><\/span><\/a>\t\t\t\t<\/div>\r\n\t\t\t\t\r\n\r\n\t\t\t\t\r\n\t\t<\/div>\r\n\t<\/div>\t\t\r\n<\/div> \t <!-- END SECTION content --><\/div><\/div><\/div><div class=\"wpb_column vc_column_container vc_col-sm-2 bg-tra\"><div class=\"vc_column-inner\"><div class=\"wpb_wrapper\">\r\n\t<div  class=\"wpb_single_image wpb_content_element vc_align_center\">\r\n\t\t\r\n\t\t<figure class=\"wpb_wrapper vc_figure\">\r\n\t\t\t<div class=\"vc_single_image-wrapper   vc_box_border_grey\" ><img decoding=\"async\" class=\"vc_single_image-img img-fluid\"  src=\"http:\/\/anbc.org.br\/wp-content\/uploads\/2024\/01\/icon-seta1.webp\" \/><\/div>\r\n\t\t<\/figure>\r\n\t<\/div>\r\n<\/div><\/div><\/div><div class=\"wpb_column vc_column_container vc_col-sm-5 bg-tra\"><div class=\"vc_column-inner\"><div class=\"wpb_wrapper\"><div class=\"abox-3 wow\">\r\n\t<h2 class=\"tra-digit rose-color\" data-animation=\"fadeInUp\" data-animation-delay=\"300\">\r\n\t\t\t<\/h2>\r\n\t\r\n\t<h5 class=\"h5-sm\" data-animation=\"fadeInUp\" data-animation-delay=\"300\">\r\n\t\t\t<\/h5><!-- title -->\t\r\n\t\r\n\t<p class=\"\" data-animation=\"fadeInUp\" data-animation-delay=\"400\">\r\n\t   07\/02\/23\n<p>El objetivo de la carta, dirigida al nuevo Gobierno, es proponer un di\u00e1logo sobre el cr\u00e9dito y su importancia para el futuro del pa\u00eds, basado en un conjunto m\u00ednimo de medidas destinadas a reactivar el crecimiento. Tambi\u00e9n pretende mostrar, a partir de una breve retrospectiva de las principales innovaciones que han tenido lugar en los \u00faltimos a\u00f1os, por qu\u00e9 el fortalecimiento del cr\u00e9dito es uno de los pilares de la econom\u00eda de cualquier pa\u00eds.<\/p>\t<\/p><!-- lead text -->\r\n<\/div><\/div><\/div><\/div><\/div><div data-vc-full-width=\"true\" data-vc-full-width-init=\"false\" class=\"vc_row wpb_row vc_row-fluid genemy-default bg-tra vc_custom_1705875711712\"><div class=\"wpb_column vc_column_container vc_col-sm-5 bg-tra\"><div class=\"vc_column-inner\"><div class=\"wpb_wrapper\"><div class=\"row\">\t\r\n\t<div class=\"Default Default Default Default Default Default Default Default text-left col-md-12\"> \r\n\t\t<div class=\"content-txt\">\r\n\t\t\t\t\t\t\t\t\t\r\n\t\t\t\t<h4 class=\"h4-xs default-color\"  data-animation=\"fadeInUp\" data-wow-delay=\"400ms\">Dictamen jur\u00eddico-econ\u00f3mico sobre los litigios predatorios<\/h4>\r\n\t\t\t\t\t\t\t\t\t\t<p class=\"p-lg grey-color wow fadeInUp\" data-animation=\"fadeInUp\" data-wow-delay=\"500ms\">Opini\u00f3n jur\u00eddica y econ\u00f3mica sobre los efectos en el mercado crediticio de las medidas cautelares que conceden la anulaci\u00f3n de las calificaciones crediticias negativas<\/p>\t\r\n\t\t\t\r\n\t\t\t\r\n\t\t\t\t\r\n\r\n\t\t\t\t\t\t\t<div class=\"section-buttons m-top-35 wow fadeInUp\" data-wow-delay=\"600ms\">\r\n\t\t\t\t<a target=\"_self\" href=\"https:\/\/anbc.org.br\/es\/dictamen-juridico-economico-sobre-litigios-predatorios\/\" title=\"Leer el art\u00edculo completo\" class=\"btn btn-arrow btn-skyblue btn-sm\"><span>Leer el art\u00edculo completo<i class=\"fa fa-angle-double-right\"><\/i><\/span><\/a>\t\t\t\t<\/div>\r\n\t\t\t\t\r\n\r\n\t\t\t\t\r\n\t\t<\/div>\r\n\t<\/div>\t\t\r\n<\/div> \t <!-- END SECTION content --><\/div><\/div><\/div><div class=\"wpb_column vc_column_container vc_col-sm-2 bg-tra\"><div class=\"vc_column-inner\"><div class=\"wpb_wrapper\">\r\n\t<div  class=\"wpb_single_image wpb_content_element vc_align_center\">\r\n\t\t\r\n\t\t<figure class=\"wpb_wrapper vc_figure\">\r\n\t\t\t<div class=\"vc_single_image-wrapper   vc_box_border_grey\" ><img decoding=\"async\" class=\"vc_single_image-img img-fluid\"  src=\"http:\/\/anbc.org.br\/wp-content\/uploads\/2024\/01\/icon-seta1.webp\" \/><\/div>\r\n\t\t<\/figure>\r\n\t<\/div>\r\n<\/div><\/div><\/div><div class=\"wpb_column vc_column_container vc_col-sm-5 bg-tra\"><div class=\"vc_column-inner\"><div class=\"wpb_wrapper\"><div class=\"abox-3 wow\">\r\n\t<h2 class=\"tra-digit rose-color\" data-animation=\"fadeInUp\" data-animation-delay=\"300\">\r\n\t\t\t<\/h2>\r\n\t\r\n\t<h5 class=\"h5-sm\" data-animation=\"fadeInUp\" data-animation-delay=\"300\">\r\n\t\t\t<\/h5><!-- title -->\t\r\n\t\r\n\t<p class=\"\" data-animation=\"fadeInUp\" data-animation-delay=\"400\">\r\n\t   25\/01\/22\n<p>La pr\u00e1ctica de excluir los informes de cr\u00e9dito negativos de la lista de informaci\u00f3n crediticia crea inseguridad econ\u00f3mica y jur\u00eddica para quienes ofrecen cr\u00e9ditos y desempe\u00f1an un importante papel social y econ\u00f3mico en el pa\u00eds. Para combatir este escenario de litigios predatorios, encargamos un dictamen jur\u00eddico y econ\u00f3mico sobre los efectos en el mercado crediticio.<\/p>\t<\/p><!-- lead text -->\r\n<\/div><\/div><\/div><\/div><\/div><div class=\"vc_row-full-width vc_clearfix\"><\/div><div class=\"vc_row wpb_row vc_row-fluid genemy-default bg-tra vc_custom_1705875749880\"><div class=\"wpb_column vc_column_container vc_col-sm-5 bg-tra\"><div class=\"vc_column-inner\"><div class=\"wpb_wrapper\"><div class=\"row\">\t\r\n\t<div class=\"Default Default Default Default Default Default Default Default text-left col-md-12\"> \r\n\t\t<div class=\"content-txt\">\r\n\t\t\t\t\t\t\t\t\t\r\n\t\t\t\t<h4 class=\"h4-xs default-color\"  data-animation=\"fadeInUp\" data-wow-delay=\"400ms\">Proyecto de ley n\u00ba 4188\/2021<\/h4>\r\n\t\t\t\t\t\t\t\t\t\t<p class=\"p-lg grey-color wow fadeInUp\" data-animation=\"fadeInUp\" data-wow-delay=\"500ms\">Nota t\u00e9cnica del sector de agencias de cr\u00e9dito sobre el Proyecto de Ley 4188\/2021. Marco jur\u00eddico de las garant\u00edas - Enmiendas del Pleno n\u00fam. 29<\/p>\t\r\n\t\t\t\r\n\t\t\t\r\n\t\t\t\t\r\n\r\n\t\t\t\t\t\t\t<div class=\"section-buttons m-top-35 wow fadeInUp\" data-wow-delay=\"600ms\">\r\n\t\t\t\t<a target=\"_self\" href=\"https:\/\/anbc.org.br\/es\/proyecto-de-ley-no-4188-2021\/\" title=\"Leer el art\u00edculo completo\" class=\"btn btn-arrow btn-skyblue btn-sm\"><span>Leer el art\u00edculo completo<i class=\"fa fa-angle-double-right\"><\/i><\/span><\/a>\t\t\t\t<\/div>\r\n\t\t\t\t\r\n\r\n\t\t\t\t\r\n\t\t<\/div>\r\n\t<\/div>\t\t\r\n<\/div> \t <!-- END SECTION content --><\/div><\/div><\/div><div class=\"wpb_column vc_column_container vc_col-sm-2 bg-tra\"><div class=\"vc_column-inner\"><div class=\"wpb_wrapper\">\r\n\t<div  class=\"wpb_single_image wpb_content_element vc_align_center\">\r\n\t\t\r\n\t\t<figure class=\"wpb_wrapper vc_figure\">\r\n\t\t\t<div class=\"vc_single_image-wrapper   vc_box_border_grey\" ><img decoding=\"async\" class=\"vc_single_image-img img-fluid\"  src=\"http:\/\/anbc.org.br\/wp-content\/uploads\/2024\/01\/icon-seta1.webp\" \/><\/div>\r\n\t\t<\/figure>\r\n\t<\/div>\r\n<\/div><\/div><\/div><div class=\"wpb_column vc_column_container vc_col-sm-5 bg-tra\"><div class=\"vc_column-inner\"><div class=\"wpb_wrapper\"><div class=\"abox-3 wow\">\r\n\t<h2 class=\"tra-digit rose-color\" data-animation=\"fadeInUp\" data-animation-delay=\"300\">\r\n\t\t\t<\/h2>\r\n\t\r\n\t<h5 class=\"h5-sm\" data-animation=\"fadeInUp\" data-animation-delay=\"300\">\r\n\t\t\t<\/h5><!-- title -->\t\r\n\t\r\n\t<p class=\"\" data-animation=\"fadeInUp\" data-animation-delay=\"400\">\r\n\t   30\/05\/22\n<p>El apartado 4 de la propuesta condiciona la obtenci\u00f3n de certificados diarios a la obtenci\u00f3n de certificados \"que cubran todos los notarios de protesta en todo el territorio de la informaci\u00f3n\". Sin embargo, esta propuesta carece de respaldo jur\u00eddico, econ\u00f3mico o l\u00f3gico, con consecuencias potencialmente adversas para la econom\u00eda, la sociedad y las finanzas p\u00fablicas.<\/p>\t<\/p><!-- lead text -->\r\n<\/div><\/div><\/div><\/div><\/div><div data-vc-full-width=\"true\" data-vc-full-width-init=\"false\" class=\"vc_row wpb_row vc_row-fluid genemy-default bg-tra vc_custom_1705875769999\"><div class=\"wpb_column vc_column_container vc_col-sm-5 bg-tra\"><div class=\"vc_column-inner\"><div class=\"wpb_wrapper\"><div class=\"row\">\t\r\n\t<div class=\"Default Default Default Default Default Default Default Default text-left col-md-12\"> \r\n\t\t<div class=\"content-txt\">\r\n\t\t\t\t\t\t\t\t\t\r\n\t\t\t\t<h4 class=\"h4-xs default-color\"  data-animation=\"fadeInUp\" data-wow-delay=\"400ms\">LGPD<\/h4>\r\n\t\t\t\t\t\t\t\t\t\t<p class=\"p-lg grey-color wow fadeInUp\" data-animation=\"fadeInUp\" data-wow-delay=\"500ms\">Manifiesto del sector empresarial por la seguridad jur\u00eddica y una regulaci\u00f3n sensible de la LGPD Foro Empresarial de la LGPD<\/p>\t\r\n\t\t\t\r\n\t\t\t\r\n\t\t\t\t\r\n\r\n\t\t\t\t\t\t\t<div class=\"section-buttons m-top-35 wow fadeInUp\" data-wow-delay=\"600ms\">\r\n\t\t\t\t<a target=\"_self\" href=\"https:\/\/anbc.org.br\/es\/manifiesto-del-sector-empresarial-de-la-lgpd\/\" title=\"Leer el art\u00edculo completo\" class=\"btn btn-arrow btn-skyblue btn-sm\"><span>Leer el art\u00edculo completo<i class=\"fa fa-angle-double-right\"><\/i><\/span><\/a>\t\t\t\t<\/div>\r\n\t\t\t\t\r\n\r\n\t\t\t\t\r\n\t\t<\/div>\r\n\t<\/div>\t\t\r\n<\/div> \t <!-- END SECTION content --><\/div><\/div><\/div><div class=\"wpb_column vc_column_container vc_col-sm-2 bg-tra\"><div class=\"vc_column-inner\"><div class=\"wpb_wrapper\">\r\n\t<div  class=\"wpb_single_image wpb_content_element vc_align_center\">\r\n\t\t\r\n\t\t<figure class=\"wpb_wrapper vc_figure\">\r\n\t\t\t<div class=\"vc_single_image-wrapper   vc_box_border_grey\" ><img decoding=\"async\" class=\"vc_single_image-img img-fluid\"  src=\"http:\/\/anbc.org.br\/wp-content\/uploads\/2024\/01\/icon-seta1.webp\" \/><\/div>\r\n\t\t<\/figure>\r\n\t<\/div>\r\n<\/div><\/div><\/div><div class=\"wpb_column vc_column_container vc_col-sm-5 bg-tra\"><div class=\"vc_column-inner\"><div class=\"wpb_wrapper\"><div class=\"abox-3 wow\">\r\n\t<h2 class=\"tra-digit rose-color\" data-animation=\"fadeInUp\" data-animation-delay=\"300\">\r\n\t\t\t<\/h2>\r\n\t\r\n\t<h5 class=\"h5-sm\" data-animation=\"fadeInUp\" data-animation-delay=\"300\">\r\n\t\t\t<\/h5><!-- title -->\t\r\n\t\r\n\t<p class=\"\" data-animation=\"fadeInUp\" data-animation-delay=\"400\">\r\n\t   29\/07\/21\n<p>En un momento en el que las sanciones de la LGPD est\u00e1n a punto de entrar en vigor, el sector empresarial subraya que a\u00fan queda mucho camino por recorrer hacia una seguridad jur\u00eddica efectiva y defiende una normativa receptiva.<\/p>\t<\/p><!-- lead text -->\r\n<\/div><\/div><\/div><\/div><\/div><div class=\"vc_row-full-width vc_clearfix\"><\/div><div class=\"vc_row wpb_row vc_row-fluid genemy-default bg-tra vc_custom_1705875864672\"><div class=\"wpb_column vc_column_container vc_col-sm-5 bg-tra\"><div class=\"vc_column-inner\"><div class=\"wpb_wrapper\"><div class=\"row\">\t\r\n\t<div class=\"Default Default Default Default Default Default Default Default text-left col-md-12\"> \r\n\t\t<div class=\"content-txt\">\r\n\t\t\t\t\t\t\t\t\t\r\n\t\t\t\t<h4 class=\"h4-xs default-color\"  data-animation=\"fadeInUp\" data-wow-delay=\"400ms\">Manifiesto multisectorial<\/h4>\r\n\t\t\t\t\t\t\t\t\t\t<p class=\"p-lg grey-color wow fadeInUp\" data-animation=\"fadeInUp\" data-wow-delay=\"500ms\">Manifiesto Multisectorial en Defensa del Marco Jur\u00eddico de la Inteligencia Artificial<\/p>\t\r\n\t\t\t\r\n\t\t\t\r\n\t\t\t\t\r\n\r\n\t\t\t\t\t\t\t<div class=\"section-buttons m-top-35 wow fadeInUp\" data-wow-delay=\"600ms\">\r\n\t\t\t\t<a target=\"_blank\" href=\"https:\/\/anbc.org.br\/es\/posicionamiento-del-manifiesto-multisectorial\/\" title=\"Leer el art\u00edculo completo\" class=\"btn btn-arrow btn-skyblue btn-sm\"><span>Leer el art\u00edculo completo<i class=\"fa fa-angle-double-right\"><\/i><\/span><\/a>\t\t\t\t<\/div>\r\n\t\t\t\t\r\n\r\n\t\t\t\t\r\n\t\t<\/div>\r\n\t<\/div>\t\t\r\n<\/div> \t <!-- END SECTION content --><\/div><\/div><\/div><div class=\"wpb_column vc_column_container vc_col-sm-2 bg-tra\"><div class=\"vc_column-inner\"><div class=\"wpb_wrapper\">\r\n\t<div  class=\"wpb_single_image wpb_content_element vc_align_center\">\r\n\t\t\r\n\t\t<figure class=\"wpb_wrapper vc_figure\">\r\n\t\t\t<div class=\"vc_single_image-wrapper   vc_box_border_grey\" ><img decoding=\"async\" class=\"vc_single_image-img img-fluid\"  src=\"http:\/\/anbc.org.br\/wp-content\/uploads\/2024\/01\/icon-seta1.webp\" \/><\/div>\r\n\t\t<\/figure>\r\n\t<\/div>\r\n<\/div><\/div><\/div><div class=\"wpb_column vc_column_container vc_col-sm-5 bg-tra\"><div class=\"vc_column-inner\"><div class=\"wpb_wrapper\"><div class=\"abox-3 wow\">\r\n\t<h2 class=\"tra-digit rose-color\" data-animation=\"fadeInUp\" data-animation-delay=\"300\">\r\n\t\t\t<\/h2>\r\n\t\r\n\t<h5 class=\"h5-sm\" data-animation=\"fadeInUp\" data-animation-delay=\"300\">\r\n\t\t\t<\/h5><!-- title -->\t\r\n\t\r\n\t<p class=\"\" data-animation=\"fadeInUp\" data-animation-delay=\"400\">\r\n\t   29\/09\/21\n<p>El desarrollo econ\u00f3mico y social de Brasil exige que el marco jur\u00eddico de la inteligencia artificial mantenga sus principios para garantizar los derechos fundamentales y permitir la innovaci\u00f3n.<\/p>\t<\/p><!-- lead text -->\r\n<\/div><\/div><\/div><\/div><\/div><\/div><\/section><div class=\"vc_row-full-width vc_clearfix\"><\/div><div class=\"vc_row wpb_row vc_row-fluid genemy-default bg-tra\"><div class=\"wpb_column vc_column_container vc_col-sm-12 bg-tra\"><div class=\"vc_column-inner\"><div class=\"wpb_wrapper\"><\/div><\/div><\/div><\/div>\n<\/div>","protected":false},"excerpt":{"rendered":"Posicionamentos Em raz\u00e3o do estado de calamidade p\u00fablica no Rio Grande do Sul, bir\u00f4s de cr\u00e9dito suspendem negativa\u00e7\u00e3o de d\u00edvidas no estado por 60 dias Leia na \u00edntegra 16\/05\/24 O estado do Rio Grande do Sul enfrenta uma situa\u00e7\u00e3o sem...","protected":false},"author":1,"featured_media":0,"parent":0,"menu_order":0,"comment_status":"closed","ping_status":"closed","template":"templates\/onepage-template.php","meta":{"_seopress_robots_primary_cat":"","_seopress_titles_title":"Posicionamentos ANBC","_seopress_titles_desc":"Posicionamentos ANBC","_seopress_robots_index":"","pgc_sgb_lightbox_settings":"","footnotes":""},"class_list":["post-1412","page","type-page","status-publish","hentry","no-post-thumbnail"],"_links":{"self":[{"href":"https:\/\/anbc.org.br\/es\/wp-json\/wp\/v2\/pages\/1412","targetHints":{"allow":["GET"]}}],"collection":[{"href":"https:\/\/anbc.org.br\/es\/wp-json\/wp\/v2\/pages"}],"about":[{"href":"https:\/\/anbc.org.br\/es\/wp-json\/wp\/v2\/types\/page"}],"author":[{"embeddable":true,"href":"https:\/\/anbc.org.br\/es\/wp-json\/wp\/v2\/users\/1"}],"replies":[{"embeddable":true,"href":"https:\/\/anbc.org.br\/es\/wp-json\/wp\/v2\/comments?post=1412"}],"version-history":[{"count":51,"href":"https:\/\/anbc.org.br\/es\/wp-json\/wp\/v2\/pages\/1412\/revisions"}],"predecessor-version":[{"id":3382,"href":"https:\/\/anbc.org.br\/es\/wp-json\/wp\/v2\/pages\/1412\/revisions\/3382"}],"wp:attachment":[{"href":"https:\/\/anbc.org.br\/es\/wp-json\/wp\/v2\/media?parent=1412"}],"curies":[{"name":"wp","href":"https:\/\/api.w.org\/{rel}","templated":true}]}}