{"id":11581,"date":"2026-05-15T20:22:39","date_gmt":"2026-05-15T20:22:39","guid":{"rendered":"https:\/\/anbc.org.br\/?page_id=11581"},"modified":"2026-05-15T20:22:39","modified_gmt":"2026-05-15T20:22:39","slug":"e-book-educacao-financeira-para-jovens-volume-1-seu-dinheiro-suas-regras","status":"publish","type":"page","link":"https:\/\/anbc.org.br\/es\/e-book-educacao-financeira-para-jovens-volume-1-seu-dinheiro-suas-regras\/","title":{"rendered":"e-Book &#8211; Educa\u00e7\u00e3o Financeira para Jovens: Volume 1 Seu Dinheiro Suas Regras"},"content":{"rendered":"<div class=\"wpb-content-wrapper\"><section data-vc-full-width=\"true\" data-vc-full-width-init=\"false\" data-vc-parallax-image=\"https:\/\/anbc.org.br\/wp-content\/themes\/genemy\/images\/banner-1.jpg\" data-opacity=\"1\" data-size=\"cover\" data-width=\"100%\" data-position=\"cover\" data-repeat=\"cover\" data-attachment=\"inherit\" class=\"vc_section wide-60 bg-tra m-top-default m-bottom-default p-top-default p-bottom-default vc_custom_1705004699980 bg-inherit\"><div class=\"container\"><div class=\"vc_row wpb_row vc_row-fluid genemy-default bg-tra vc_custom_1705004809308\"><div class=\"wpb_column vc_column_container vc_col-sm-2 bg-tra\"><div class=\"vc_column-inner\"><div class=\"wpb_wrapper\"><\/div><\/div><\/div><div class=\"wpb_column vc_column_container vc_col-sm-8 bg-tra\"><div class=\"vc_column-inner\"><div class=\"wpb_wrapper\"><\/div><\/div><\/div><div class=\"wpb_column vc_column_container vc_col-sm-2 bg-tra\"><div class=\"vc_column-inner\"><div class=\"wpb_wrapper\"><\/div><\/div><\/div><\/div><\/div><\/section><div class=\"vc_row-full-width vc_clearfix\"><\/div><div class=\"vc_row wpb_row vc_row-fluid genemy-default bg-tra\"><div class=\"wpb_column vc_column_container vc_col-sm-12 bg-tra\"><div class=\"vc_column-inner\"><div class=\"wpb_wrapper\"><\/div><\/div><\/div><\/div><section id=\"blog\" data-vc-full-width=\"true\" data-vc-full-width-init=\"false\" data-vc-parallax-image=\"https:\/\/anbc.org.br\/wp-content\/themes\/genemy\/images\/banner-1.jpg\" data-opacity=\"1\" data-size=\"cover\" data-width=\"100%\" data-position=\"cover\" data-repeat=\"cover\" data-attachment=\"inherit\" class=\"vc_section wide-60 bg-white m-top-default m-bottom-default p-top-default p-bottom-default vc_custom_1702769671289 bg-inherit\"><div class=\"container\"><div class=\"vc_row wpb_row vc_row-fluid genemy-default bg-tra\"><div class=\"wpb_column vc_column_container vc_col-sm-12 bg-tra\"><div class=\"vc_column-inner\"><div class=\"wpb_wrapper\">\n\t<div class=\"wpb_text_column wpb_content_element\" >\n\t\t<div class=\"wpb_wrapper\">\n\t\t\t<h2>Rellene el siguiente campo y descargue el archivo.<\/h2>\n<h3>Download: e-Book &#8211; Educa\u00e7\u00e3o Financeira para Jovens: Volume 1 Seu Dinheiro Suas Regras<\/h3>\n<p>&nbsp;<\/p>\n<p>&nbsp;<\/p>\n\n<div class=\"wpcf7 no-js\" id=\"wpcf7-f4504-o1\" lang=\"en-US\" dir=\"ltr\" data-wpcf7-id=\"4504\">\n<div class=\"screen-reader-response\"><p role=\"status\" aria-live=\"polite\" aria-atomic=\"true\"><\/p> <ul><\/ul><\/div>\n<form action=\"\/es\/wp-json\/wp\/v2\/pages\/11581#wpcf7-f4504-o1\" method=\"post\" class=\"wpcf7-form init\" aria-label=\"Formulario de contacto\" novalidate=\"novalidate\" data-status=\"init\" data-trp-original-action=\"\/es\/wp-json\/wp\/v2\/pages\/11581#wpcf7-f4504-o1\">\n<fieldset class=\"hidden-fields-container\"><input type=\"hidden\" name=\"_wpcf7\" value=\"4504\" \/><input type=\"hidden\" name=\"_wpcf7_version\" value=\"6.1.6\" \/><input type=\"hidden\" name=\"_wpcf7_locale\" value=\"en_US\" \/><input type=\"hidden\" name=\"_wpcf7_unit_tag\" value=\"wpcf7-f4504-o1\" \/><input type=\"hidden\" name=\"_wpcf7_container_post\" value=\"0\" \/><input type=\"hidden\" name=\"_wpcf7_posted_data_hash\" value=\"\" \/><input type=\"hidden\" name=\"_wpcf7_recaptcha_response\" value=\"\" \/>\n<\/fieldset>\n<div class=\"form-holder ind-20\">\n\t<div  class=\"row contact-form contact-form-2\">\n\t\t<div id=\"input-email\" class=\"col-lg-6\">\n\t\t\t<p><span class=\"wpcf7-form-control-wrap\" data-name=\"your-email\"><input size=\"40\" maxlength=\"400\" class=\"wpcf7-form-control wpcf7-email wpcf7-validates-as-required wpcf7-text wpcf7-validates-as-email form-control email\" aria-required=\"true\" aria-invalid=\"false\" placeholder=\"Introducir Email\" value=\"\" type=\"email\" name=\"your-email\" \/><\/span>\n\t\t\t<\/p>\n\t\t<\/div>\n\t\t<p><span class=\"wpcf7-form-control-wrap\" data-name=\"acceptance-297\"><span class=\"wpcf7-form-control wpcf7-acceptance optional\"><span class=\"wpcf7-list-item\"><label><input type=\"checkbox\" name=\"acceptance-297\" value=\"1\" aria-invalid=\"false\" \/><span class=\"wpcf7-list-item-label\">Autorizo el uso de mis datos personales para el env\u00edo de comunicaciones de ANBC.<\/span><\/label><\/span><\/span><\/span>\n\t\t<\/p>\n\t\t<div class=\"col-lg-12 m-top-10 form-btn\">\n\t\t\t<p><button type=\"submit\" class=\"btn btn-md submit btn-arrow wpcf7-form-control wpcf7-submit\"><span>Descargar <i class=\"fas fa-angle-double-right\"><\/i><\/span><\/button>\n\t\t\t<\/p>\n\t\t<\/div>\n\t\t<div class=\"col-lg-12 contact-form-msg\">\n\t\t<div class=\"wpcf7-response-output\" aria-hidden=\"true\"><\/div>\n\t\t<\/div>\n\t<\/div>\n<\/div>\n<input type=\"hidden\" name=\"trp-form-language\" value=\"es\"\/><\/form>\n<\/div>\n\n\n\t\t<\/div>\n\t<\/div>\n<\/div><\/div><\/div><\/div><\/div><\/section><div class=\"vc_row-full-width vc_clearfix\"><\/div><div class=\"vc_row wpb_row vc_row-fluid genemy-default bg-tra\"><div class=\"wpb_column vc_column_container vc_col-sm-12 bg-tra\"><div class=\"vc_column-inner\"><div class=\"wpb_wrapper\"><\/div><\/div><\/div><\/div>\n<\/div>","protected":false},"excerpt":{"rendered":"Preencha o campo abaixo e baixe o arquivo. Download: e-Book - Educa\u00e7\u00e3o Financeira para Jovens: Volume 1 Seu Dinheiro Suas Regras &nbsp; &nbsp; Autorizo a utiliza\u00e7\u00e3o dos dados pessoais para o envio de comunicados ANBC. Baixar","protected":false},"author":1,"featured_media":0,"parent":0,"menu_order":0,"comment_status":"closed","ping_status":"closed","template":"templates\/onepage-template.php","meta":{"_seopress_robots_primary_cat":"","_seopress_titles_title":"Ed. Financeira para Jovens: Volume 1 Seu Dinheiro Suas Regras","_seopress_titles_desc":"e-Book - Educa\u00e7\u00e3o Financeira para Jovens: Volume 1 Seu Dinheiro Suas Regras","_seopress_robots_index":"","_seopress_analysis_target_kw":"educa\u00e7\u00e3o financeira para jovens","pgc_sgb_lightbox_settings":"","footnotes":""},"class_list":["post-11581","page","type-page","status-publish","hentry","no-post-thumbnail"],"_links":{"self":[{"href":"https:\/\/anbc.org.br\/es\/wp-json\/wp\/v2\/pages\/11581","targetHints":{"allow":["GET"]}}],"collection":[{"href":"https:\/\/anbc.org.br\/es\/wp-json\/wp\/v2\/pages"}],"about":[{"href":"https:\/\/anbc.org.br\/es\/wp-json\/wp\/v2\/types\/page"}],"author":[{"embeddable":true,"href":"https:\/\/anbc.org.br\/es\/wp-json\/wp\/v2\/users\/1"}],"replies":[{"embeddable":true,"href":"https:\/\/anbc.org.br\/es\/wp-json\/wp\/v2\/comments?post=11581"}],"version-history":[{"count":1,"href":"https:\/\/anbc.org.br\/es\/wp-json\/wp\/v2\/pages\/11581\/revisions"}],"predecessor-version":[{"id":11586,"href":"https:\/\/anbc.org.br\/es\/wp-json\/wp\/v2\/pages\/11581\/revisions\/11586"}],"wp:attachment":[{"href":"https:\/\/anbc.org.br\/es\/wp-json\/wp\/v2\/media?parent=11581"}],"curies":[{"name":"wp","href":"https:\/\/api.w.org\/{rel}","templated":true}]}}