{"id":1412,"date":"2024-01-21T22:23:21","date_gmt":"2024-01-21T22:23:21","guid":{"rendered":"http:\/\/anbc.org.br\/?page_id=1412"},"modified":"2025-02-11T16:17:10","modified_gmt":"2025-02-11T16:17:10","slug":"positions","status":"publish","type":"page","link":"https:\/\/anbc.org.br\/en\/posicionamentos\/","title":{"rendered":"Positions"},"content":{"rendered":"<div class=\"wpb-content-wrapper\"><section data-vc-full-width=\"true\" data-vc-full-width-init=\"false\" data-vc-parallax-image=\"https:\/\/anbc.org.br\/wp-content\/themes\/genemy\/images\/banner-1.jpg\" data-opacity=\"1\" data-size=\"cover\" data-width=\"100%\" data-position=\"cover\" data-repeat=\"cover\" data-attachment=\"inherit\" class=\"vc_section wide-60 bg-tra m-top-default m-bottom-default p-top-default p-bottom-default vc_custom_1705004699980 bg-inherit\"><div class=\"container\"><div class=\"vc_row wpb_row vc_row-fluid genemy-default bg-tra vc_custom_1705004809308\"><div class=\"wpb_column vc_column_container vc_col-sm-2 bg-tra\"><div class=\"vc_column-inner\"><div class=\"wpb_wrapper\"><\/div><\/div><\/div><div class=\"wpb_column vc_column_container vc_col-sm-8 bg-tra\"><div class=\"vc_column-inner\"><div class=\"wpb_wrapper\"><div  class=\"vc_wp_search wpb_content_element\"><div class=\"widget widget_search\"><div id=\"search-field\" class=\"search-widget\">\r\n    <form action=\"https:\/\/anbc.org.br\/en\/\"  role=\"search\" method=\"get\" id=\"searchform\" class=\"search-form\" data-trp-original-action=\"https:\/\/anbc.org.br\/en\/\">  \r\n        <div class=\"input-group mb-3\">\r\n\t\t  \t<input class=\"form-control\" placeholder=\"Enter your search here...\" aria-label=\"Search\" aria-describedby=\"search-field\" type=\"text\" name=\"s\" value=\"\">\r\n\t\t \t<div class=\"input-group-append\">\r\n\t\t    \t<button class=\"btn btn-lightgreen1\" type=\"submit\"><i class=\"fa fa-search\" aria-hidden=\"true\"><\/i><\/button>\r\n\t\t \t<\/div>\r\n\t\t<\/div>\r\n    <input type=\"hidden\" name=\"trp-form-language\" value=\"en\"\/><\/form>\r\n<\/div>\r\n\r\n\t\t\t\t\t\t\t\t\r\n\t\r\n<\/div><\/div><\/div><\/div><\/div><div class=\"wpb_column vc_column_container vc_col-sm-2 bg-tra\"><div class=\"vc_column-inner\"><div class=\"wpb_wrapper\"><\/div><\/div><\/div><\/div><\/div><\/section><div class=\"vc_row-full-width vc_clearfix\"><\/div><div class=\"vc_row wpb_row vc_row-fluid genemy-default bg-tra\"><div class=\"wpb_column vc_column_container vc_col-sm-12 bg-tra\"><div class=\"vc_column-inner\"><div class=\"wpb_wrapper\">\r\n\t<div  class=\"wpb_single_image wpb_content_element vc_align_left\">\r\n\t\t\r\n\t\t<figure class=\"wpb_wrapper vc_figure\">\r\n\t\t\t<div class=\"vc_single_image-wrapper   vc_box_border_grey\" ><img decoding=\"async\" class=\"vc_single_image-img img-fluid\"  src=\"http:\/\/anbc.org.br\/wp-content\/uploads\/2024\/04\/banenr-posicionamentos.webp\" \/><\/div>\r\n\t\t<\/figure>\r\n\t<\/div>\r\n<\/div><\/div><\/div><\/div><section id=\"blog\" data-vc-full-width=\"true\" data-vc-full-width-init=\"false\" data-vc-parallax-image=\"https:\/\/anbc.org.br\/wp-content\/themes\/genemy\/images\/banner-1.jpg\" data-opacity=\"1\" data-size=\"cover\" data-width=\"100%\" data-position=\"cover\" data-repeat=\"cover\" data-attachment=\"inherit\" class=\"vc_section wide-60 bg-white m-top-default m-bottom-default p-top-default p-bottom-default vc_custom_1702769671289 bg-inherit\"><div class=\"container\"><div class=\"vc_row wpb_row vc_row-fluid genemy-default bg-tra\"><div class=\"wpb_column vc_column_container vc_col-sm-12 bg-tra\"><div class=\"vc_column-inner\"><div class=\"wpb_wrapper\"><div class=\"row\">\t\r\n\t<div class=\"section-title text-center col-lg-10 offset-lg-1\">\r\n\t\t\t\t\t\t\t\r\n\t\t\t<h3 class=\"h3-xl\" style=\"font-family: 'Montserrat'; font-size: 1.8rem;\">Positions<\/h3>\r\n\t\t\t\t<p class=\"p-lg Default-color\" style=\"font-size: 1.2rem;\">\t\t<\/p>\t\t\r\n\t<\/div>\t\t\r\n<\/div> \t <!-- END SECTION TITLE -->\t<div class=\"vc_empty_space\"   style=\"height: 45px\"><span class=\"vc_empty_space_inner\"><\/span><\/div><\/div><\/div><\/div><\/div><div class=\"vc_row wpb_row vc_row-fluid genemy-default bg-tra vc_custom_1705875686206\"><div class=\"wpb_column vc_column_container vc_col-sm-5 bg-tra\"><div class=\"vc_column-inner\"><div class=\"wpb_wrapper\"><div class=\"row\">\t\r\n\t<div class=\"Default Default Default Default Default Default Default Default text-left col-md-12\"> \r\n\t\t<div class=\"content-txt\">\r\n\t\t\t\t\t\t\t\t\t\r\n\t\t\t\t<h4 class=\"h4-xs default-color\"  data-animation=\"fadeInUp\" data-wow-delay=\"400ms\">Due to the state of public calamity in Rio Grande do Sul, credit bureaus suspend debt negation in the state for 60 days<\/h4>\r\n\t\t\t\t\t\t\r\n\t\t\t\r\n\t\t\t\t\r\n\r\n\t\t\t\t\t\t\t<div class=\"section-buttons m-top-35 wow fadeInUp\" data-wow-delay=\"500ms\">\r\n\t\t\t\t<a target=\"_blank\" href=\"https:\/\/anbc.org.br\/wp-content\/uploads\/2024\/05\/2024_05_15_PosicionamentoRS-assinado.pdf\" title=\"Read the full article\" class=\"btn btn-arrow btn-skyblue btn-sm\"><span>Read the full article<i class=\"fa fa-angle-double-right\"><\/i><\/span><\/a>\t\t\t\t<\/div>\r\n\t\t\t\t\r\n\r\n\t\t\t\t\r\n\t\t<\/div>\r\n\t<\/div>\t\t\r\n<\/div> \t <!-- END SECTION content --><\/div><\/div><\/div><div class=\"wpb_column vc_column_container vc_col-sm-2 bg-tra\"><div class=\"vc_column-inner\"><div class=\"wpb_wrapper\">\r\n\t<div  class=\"wpb_single_image wpb_content_element vc_align_center\">\r\n\t\t\r\n\t\t<figure class=\"wpb_wrapper vc_figure\">\r\n\t\t\t<div class=\"vc_single_image-wrapper   vc_box_border_grey\" ><img decoding=\"async\" class=\"vc_single_image-img img-fluid\"  src=\"http:\/\/anbc.org.br\/wp-content\/uploads\/2024\/01\/icon-seta1.webp\" \/><\/div>\r\n\t\t<\/figure>\r\n\t<\/div>\r\n<\/div><\/div><\/div><div class=\"wpb_column vc_column_container vc_col-sm-5 bg-tra\"><div class=\"vc_column-inner\"><div class=\"wpb_wrapper\"><div class=\"abox-3 wow\">\r\n\t<h2 class=\"tra-digit rose-color\" data-animation=\"fadeInUp\" data-animation-delay=\"300\">\r\n\t\t\t<\/h2>\r\n\t\r\n\t<h5 class=\"h5-sm\" data-animation=\"fadeInUp\" data-animation-delay=\"300\">\r\n\t\t\t<\/h5><!-- title -->\t\r\n\t\r\n\t<p class=\"\" data-animation=\"fadeInUp\" data-animation-delay=\"400\">\r\n\t   16\/05\/24\n<p>The state of Rio Grande do Sul is facing an unprecedented situation, the consequences of which cannot be predicted. The credit bureau sector has been following the social, economic and emergency measures that have been announced to mitigate the consequences of this climate tragedy.<\/p>\t<\/p><!-- lead text -->\r\n<\/div><\/div><\/div><\/div><\/div><div class=\"vc_row wpb_row vc_row-fluid genemy-default bg-tra vc_custom_1705875686206\"><div class=\"wpb_column vc_column_container vc_col-sm-5 bg-tra\"><div class=\"vc_column-inner\"><div class=\"wpb_wrapper\"><div class=\"row\">\t\r\n\t<div class=\"Default Default Default Default Default Default Default Default text-left col-md-12\"> \r\n\t\t<div class=\"content-txt\">\r\n\t\t\t\t\t\t\t\t\t\r\n\t\t\t\t<h4 class=\"h4-xs default-color\"  data-animation=\"fadeInUp\" data-wow-delay=\"400ms\">Letter to the new government (2023-2027)<\/h4>\r\n\t\t\t\t\t\t\t\t\t\t<p class=\"p-lg grey-color wow fadeInUp\" data-animation=\"fadeInUp\" data-wow-delay=\"500ms\">Letter to the new government proposes measures for resuming growth and emphasizes the need to stimulate credit<\/p>\t\r\n\t\t\t\r\n\t\t\t\r\n\t\t\t\t\r\n\r\n\t\t\t\t\t\t\t<div class=\"section-buttons m-top-35 wow fadeInUp\" data-wow-delay=\"600ms\">\r\n\t\t\t\t<a target=\"_self\" href=\"https:\/\/anbc.org.br\/en\/letter-to-the-new-government-2023-2027\/\" title=\"Read the full article\" class=\"btn btn-arrow btn-skyblue btn-sm\"><span>Read the full article<i class=\"fa fa-angle-double-right\"><\/i><\/span><\/a>\t\t\t\t<\/div>\r\n\t\t\t\t\r\n\r\n\t\t\t\t\r\n\t\t<\/div>\r\n\t<\/div>\t\t\r\n<\/div> \t <!-- END SECTION content --><\/div><\/div><\/div><div class=\"wpb_column vc_column_container vc_col-sm-2 bg-tra\"><div class=\"vc_column-inner\"><div class=\"wpb_wrapper\">\r\n\t<div  class=\"wpb_single_image wpb_content_element vc_align_center\">\r\n\t\t\r\n\t\t<figure class=\"wpb_wrapper vc_figure\">\r\n\t\t\t<div class=\"vc_single_image-wrapper   vc_box_border_grey\" ><img decoding=\"async\" class=\"vc_single_image-img img-fluid\"  src=\"http:\/\/anbc.org.br\/wp-content\/uploads\/2024\/01\/icon-seta1.webp\" \/><\/div>\r\n\t\t<\/figure>\r\n\t<\/div>\r\n<\/div><\/div><\/div><div class=\"wpb_column vc_column_container vc_col-sm-5 bg-tra\"><div class=\"vc_column-inner\"><div class=\"wpb_wrapper\"><div class=\"abox-3 wow\">\r\n\t<h2 class=\"tra-digit rose-color\" data-animation=\"fadeInUp\" data-animation-delay=\"300\">\r\n\t\t\t<\/h2>\r\n\t\r\n\t<h5 class=\"h5-sm\" data-animation=\"fadeInUp\" data-animation-delay=\"300\">\r\n\t\t\t<\/h5><!-- title -->\t\r\n\t\r\n\t<p class=\"\" data-animation=\"fadeInUp\" data-animation-delay=\"400\">\r\n\t   07\/02\/23\n<p>The aim of the letter, addressed to the new government, is to propose a dialog about credit and its importance for the country's future, based on a minimum set of measures aimed at restarting growth. It also aims to show, based on a brief retrospective of the main innovations that have taken place in recent years, why strengthened credit is one of the pillars of any country's economy.<\/p>\t<\/p><!-- lead text -->\r\n<\/div><\/div><\/div><\/div><\/div><div data-vc-full-width=\"true\" data-vc-full-width-init=\"false\" class=\"vc_row wpb_row vc_row-fluid genemy-default bg-tra vc_custom_1705875711712\"><div class=\"wpb_column vc_column_container vc_col-sm-5 bg-tra\"><div class=\"vc_column-inner\"><div class=\"wpb_wrapper\"><div class=\"row\">\t\r\n\t<div class=\"Default Default Default Default Default Default Default Default text-left col-md-12\"> \r\n\t\t<div class=\"content-txt\">\r\n\t\t\t\t\t\t\t\t\t\r\n\t\t\t\t<h4 class=\"h4-xs default-color\"  data-animation=\"fadeInUp\" data-wow-delay=\"400ms\">Legal-economic opinion on predatory litigation<\/h4>\r\n\t\t\t\t\t\t\t\t\t\t<p class=\"p-lg grey-color wow fadeInUp\" data-animation=\"fadeInUp\" data-wow-delay=\"500ms\">Legal-economic opinion on the effects on the credit market of injunctions granting the removal of negative credit ratings<\/p>\t\r\n\t\t\t\r\n\t\t\t\r\n\t\t\t\t\r\n\r\n\t\t\t\t\t\t\t<div class=\"section-buttons m-top-35 wow fadeInUp\" data-wow-delay=\"600ms\">\r\n\t\t\t\t<a target=\"_self\" href=\"https:\/\/anbc.org.br\/en\/economic-legal-opinion-on-predatory-litigation\/\" title=\"Read the full article\" class=\"btn btn-arrow btn-skyblue btn-sm\"><span>Read the full article<i class=\"fa fa-angle-double-right\"><\/i><\/span><\/a>\t\t\t\t<\/div>\r\n\t\t\t\t\r\n\r\n\t\t\t\t\r\n\t\t<\/div>\r\n\t<\/div>\t\t\r\n<\/div> \t <!-- END SECTION content --><\/div><\/div><\/div><div class=\"wpb_column vc_column_container vc_col-sm-2 bg-tra\"><div class=\"vc_column-inner\"><div class=\"wpb_wrapper\">\r\n\t<div  class=\"wpb_single_image wpb_content_element vc_align_center\">\r\n\t\t\r\n\t\t<figure class=\"wpb_wrapper vc_figure\">\r\n\t\t\t<div class=\"vc_single_image-wrapper   vc_box_border_grey\" ><img decoding=\"async\" class=\"vc_single_image-img img-fluid\"  src=\"http:\/\/anbc.org.br\/wp-content\/uploads\/2024\/01\/icon-seta1.webp\" \/><\/div>\r\n\t\t<\/figure>\r\n\t<\/div>\r\n<\/div><\/div><\/div><div class=\"wpb_column vc_column_container vc_col-sm-5 bg-tra\"><div class=\"vc_column-inner\"><div class=\"wpb_wrapper\"><div class=\"abox-3 wow\">\r\n\t<h2 class=\"tra-digit rose-color\" data-animation=\"fadeInUp\" data-animation-delay=\"300\">\r\n\t\t\t<\/h2>\r\n\t\r\n\t<h5 class=\"h5-sm\" data-animation=\"fadeInUp\" data-animation-delay=\"300\">\r\n\t\t\t<\/h5><!-- title -->\t\r\n\t\r\n\t<p class=\"\" data-animation=\"fadeInUp\" data-animation-delay=\"400\">\r\n\t   25\/01\/22\n<p>The practice of excluding negative credit reports from the list of credit information creates economic and legal uncertainty for those who offer credit and play an important social and economic role in the country. To combat this scenario of predatory litigation, we commissioned a legal and economic opinion on the effects on the credit market.<\/p>\t<\/p><!-- lead text -->\r\n<\/div><\/div><\/div><\/div><\/div><div class=\"vc_row-full-width vc_clearfix\"><\/div><div class=\"vc_row wpb_row vc_row-fluid genemy-default bg-tra vc_custom_1705875749880\"><div class=\"wpb_column vc_column_container vc_col-sm-5 bg-tra\"><div class=\"vc_column-inner\"><div class=\"wpb_wrapper\"><div class=\"row\">\t\r\n\t<div class=\"Default Default Default Default Default Default Default Default text-left col-md-12\"> \r\n\t\t<div class=\"content-txt\">\r\n\t\t\t\t\t\t\t\t\t\r\n\t\t\t\t<h4 class=\"h4-xs default-color\"  data-animation=\"fadeInUp\" data-wow-delay=\"400ms\">Bill No. 4188\/2021<\/h4>\r\n\t\t\t\t\t\t\t\t\t\t<p class=\"p-lg grey-color wow fadeInUp\" data-animation=\"fadeInUp\" data-wow-delay=\"500ms\">Technical note from the credit bureau sector on Bill 4188\/2021. Legal Framework for Guarantees - Plenary Amendments No. 29<\/p>\t\r\n\t\t\t\r\n\t\t\t\r\n\t\t\t\t\r\n\r\n\t\t\t\t\t\t\t<div class=\"section-buttons m-top-35 wow fadeInUp\" data-wow-delay=\"600ms\">\r\n\t\t\t\t<a target=\"_self\" href=\"https:\/\/anbc.org.br\/en\/projeto-de-lei-no-4188-2021\/\" title=\"Read the full article\" class=\"btn btn-arrow btn-skyblue btn-sm\"><span>Read the full article<i class=\"fa fa-angle-double-right\"><\/i><\/span><\/a>\t\t\t\t<\/div>\r\n\t\t\t\t\r\n\r\n\t\t\t\t\r\n\t\t<\/div>\r\n\t<\/div>\t\t\r\n<\/div> \t <!-- END SECTION content --><\/div><\/div><\/div><div class=\"wpb_column vc_column_container vc_col-sm-2 bg-tra\"><div class=\"vc_column-inner\"><div class=\"wpb_wrapper\">\r\n\t<div  class=\"wpb_single_image wpb_content_element vc_align_center\">\r\n\t\t\r\n\t\t<figure class=\"wpb_wrapper vc_figure\">\r\n\t\t\t<div class=\"vc_single_image-wrapper   vc_box_border_grey\" ><img decoding=\"async\" class=\"vc_single_image-img img-fluid\"  src=\"http:\/\/anbc.org.br\/wp-content\/uploads\/2024\/01\/icon-seta1.webp\" \/><\/div>\r\n\t\t<\/figure>\r\n\t<\/div>\r\n<\/div><\/div><\/div><div class=\"wpb_column vc_column_container vc_col-sm-5 bg-tra\"><div class=\"vc_column-inner\"><div class=\"wpb_wrapper\"><div class=\"abox-3 wow\">\r\n\t<h2 class=\"tra-digit rose-color\" data-animation=\"fadeInUp\" data-animation-delay=\"300\">\r\n\t\t\t<\/h2>\r\n\t\r\n\t<h5 class=\"h5-sm\" data-animation=\"fadeInUp\" data-animation-delay=\"300\">\r\n\t\t\t<\/h5><!-- title -->\t\r\n\t\r\n\t<p class=\"\" data-animation=\"fadeInUp\" data-animation-delay=\"400\">\r\n\t   30\/05\/22\n<p>Paragraph 4 of the proposal makes obtaining daily certificates conditional on the acquisition of certificates \"covering all protest notaries throughout the territory of the information\". However, this proposal has no legal, economic or logical backing, with potentially adverse consequences for the economy, society and public finances.<\/p>\t<\/p><!-- lead text -->\r\n<\/div><\/div><\/div><\/div><\/div><div data-vc-full-width=\"true\" data-vc-full-width-init=\"false\" class=\"vc_row wpb_row vc_row-fluid genemy-default bg-tra vc_custom_1705875769999\"><div class=\"wpb_column vc_column_container vc_col-sm-5 bg-tra\"><div class=\"vc_column-inner\"><div class=\"wpb_wrapper\"><div class=\"row\">\t\r\n\t<div class=\"Default Default Default Default Default Default Default Default text-left col-md-12\"> \r\n\t\t<div class=\"content-txt\">\r\n\t\t\t\t\t\t\t\t\t\r\n\t\t\t\t<h4 class=\"h4-xs default-color\"  data-animation=\"fadeInUp\" data-wow-delay=\"400ms\">LGPD<\/h4>\r\n\t\t\t\t\t\t\t\t\t\t<p class=\"p-lg grey-color wow fadeInUp\" data-animation=\"fadeInUp\" data-wow-delay=\"500ms\">Business sector manifesto for legal certainty and responsive regulation of the LGPD LGPD Business Forum<\/p>\t\r\n\t\t\t\r\n\t\t\t\r\n\t\t\t\t\r\n\r\n\t\t\t\t\t\t\t<div class=\"section-buttons m-top-35 wow fadeInUp\" data-wow-delay=\"600ms\">\r\n\t\t\t\t<a target=\"_self\" href=\"https:\/\/anbc.org.br\/en\/lgpd-business-sector-manifesto\/\" title=\"Read the full article\" class=\"btn btn-arrow btn-skyblue btn-sm\"><span>Read the full article<i class=\"fa fa-angle-double-right\"><\/i><\/span><\/a>\t\t\t\t<\/div>\r\n\t\t\t\t\r\n\r\n\t\t\t\t\r\n\t\t<\/div>\r\n\t<\/div>\t\t\r\n<\/div> \t <!-- END SECTION content --><\/div><\/div><\/div><div class=\"wpb_column vc_column_container vc_col-sm-2 bg-tra\"><div class=\"vc_column-inner\"><div class=\"wpb_wrapper\">\r\n\t<div  class=\"wpb_single_image wpb_content_element vc_align_center\">\r\n\t\t\r\n\t\t<figure class=\"wpb_wrapper vc_figure\">\r\n\t\t\t<div class=\"vc_single_image-wrapper   vc_box_border_grey\" ><img decoding=\"async\" class=\"vc_single_image-img img-fluid\"  src=\"http:\/\/anbc.org.br\/wp-content\/uploads\/2024\/01\/icon-seta1.webp\" \/><\/div>\r\n\t\t<\/figure>\r\n\t<\/div>\r\n<\/div><\/div><\/div><div class=\"wpb_column vc_column_container vc_col-sm-5 bg-tra\"><div class=\"vc_column-inner\"><div class=\"wpb_wrapper\"><div class=\"abox-3 wow\">\r\n\t<h2 class=\"tra-digit rose-color\" data-animation=\"fadeInUp\" data-animation-delay=\"300\">\r\n\t\t\t<\/h2>\r\n\t\r\n\t<h5 class=\"h5-sm\" data-animation=\"fadeInUp\" data-animation-delay=\"300\">\r\n\t\t\t<\/h5><!-- title -->\t\r\n\t\r\n\t<p class=\"\" data-animation=\"fadeInUp\" data-animation-delay=\"400\">\r\n\t   29\/07\/21\n<p>At a time when the LGPD sanctions are close to coming into force, the business sector stresses that there is still a long way to go to achieve effective legal certainty and defends responsive regulation.<\/p>\t<\/p><!-- lead text -->\r\n<\/div><\/div><\/div><\/div><\/div><div class=\"vc_row-full-width vc_clearfix\"><\/div><div class=\"vc_row wpb_row vc_row-fluid genemy-default bg-tra vc_custom_1705875864672\"><div class=\"wpb_column vc_column_container vc_col-sm-5 bg-tra\"><div class=\"vc_column-inner\"><div class=\"wpb_wrapper\"><div class=\"row\">\t\r\n\t<div class=\"Default Default Default Default Default Default Default Default text-left col-md-12\"> \r\n\t\t<div class=\"content-txt\">\r\n\t\t\t\t\t\t\t\t\t\r\n\t\t\t\t<h4 class=\"h4-xs default-color\"  data-animation=\"fadeInUp\" data-wow-delay=\"400ms\">Multisectoral Manifesto<\/h4>\r\n\t\t\t\t\t\t\t\t\t\t<p class=\"p-lg grey-color wow fadeInUp\" data-animation=\"fadeInUp\" data-wow-delay=\"500ms\">Multisectoral Manifesto in Defense of the Legal Framework for Artificial Intelligence<\/p>\t\r\n\t\t\t\r\n\t\t\t\r\n\t\t\t\t\r\n\r\n\t\t\t\t\t\t\t<div class=\"section-buttons m-top-35 wow fadeInUp\" data-wow-delay=\"600ms\">\r\n\t\t\t\t<a target=\"_blank\" href=\"https:\/\/anbc.org.br\/en\/posicionamento-manifesto-multissetorial\/\" title=\"Read the full article\" class=\"btn btn-arrow btn-skyblue btn-sm\"><span>Read the full article<i class=\"fa fa-angle-double-right\"><\/i><\/span><\/a>\t\t\t\t<\/div>\r\n\t\t\t\t\r\n\r\n\t\t\t\t\r\n\t\t<\/div>\r\n\t<\/div>\t\t\r\n<\/div> \t <!-- END SECTION content --><\/div><\/div><\/div><div class=\"wpb_column vc_column_container vc_col-sm-2 bg-tra\"><div class=\"vc_column-inner\"><div class=\"wpb_wrapper\">\r\n\t<div  class=\"wpb_single_image wpb_content_element vc_align_center\">\r\n\t\t\r\n\t\t<figure class=\"wpb_wrapper vc_figure\">\r\n\t\t\t<div class=\"vc_single_image-wrapper   vc_box_border_grey\" ><img decoding=\"async\" class=\"vc_single_image-img img-fluid\"  src=\"http:\/\/anbc.org.br\/wp-content\/uploads\/2024\/01\/icon-seta1.webp\" \/><\/div>\r\n\t\t<\/figure>\r\n\t<\/div>\r\n<\/div><\/div><\/div><div class=\"wpb_column vc_column_container vc_col-sm-5 bg-tra\"><div class=\"vc_column-inner\"><div class=\"wpb_wrapper\"><div class=\"abox-3 wow\">\r\n\t<h2 class=\"tra-digit rose-color\" data-animation=\"fadeInUp\" data-animation-delay=\"300\">\r\n\t\t\t<\/h2>\r\n\t\r\n\t<h5 class=\"h5-sm\" data-animation=\"fadeInUp\" data-animation-delay=\"300\">\r\n\t\t\t<\/h5><!-- title -->\t\r\n\t\r\n\t<p class=\"\" data-animation=\"fadeInUp\" data-animation-delay=\"400\">\r\n\t   29\/09\/21\n<p>Brazil's economic and social development requires that the legal framework on artificial intelligence remains principled in order to guarantee fundamental rights and enable innovation.<\/p>\t<\/p><!-- lead text -->\r\n<\/div><\/div><\/div><\/div><\/div><\/div><\/section><div class=\"vc_row-full-width vc_clearfix\"><\/div><div class=\"vc_row wpb_row vc_row-fluid genemy-default bg-tra\"><div class=\"wpb_column vc_column_container vc_col-sm-12 bg-tra\"><div class=\"vc_column-inner\"><div class=\"wpb_wrapper\"><\/div><\/div><\/div><\/div>\n<\/div>","protected":false},"excerpt":{"rendered":"Posicionamentos Em raz\u00e3o do estado de calamidade p\u00fablica no Rio Grande do Sul, bir\u00f4s de cr\u00e9dito suspendem negativa\u00e7\u00e3o de d\u00edvidas no estado por 60 dias Leia na \u00edntegra 16\/05\/24 O estado do Rio Grande do Sul enfrenta uma situa\u00e7\u00e3o sem...","protected":false},"author":1,"featured_media":0,"parent":0,"menu_order":0,"comment_status":"closed","ping_status":"closed","template":"templates\/onepage-template.php","meta":{"_seopress_robots_primary_cat":"","_seopress_titles_title":"Posicionamentos ANBC","_seopress_titles_desc":"Posicionamentos ANBC","_seopress_robots_index":"","pgc_sgb_lightbox_settings":"","footnotes":""},"class_list":["post-1412","page","type-page","status-publish","hentry","no-post-thumbnail"],"_links":{"self":[{"href":"https:\/\/anbc.org.br\/en\/wp-json\/wp\/v2\/pages\/1412","targetHints":{"allow":["GET"]}}],"collection":[{"href":"https:\/\/anbc.org.br\/en\/wp-json\/wp\/v2\/pages"}],"about":[{"href":"https:\/\/anbc.org.br\/en\/wp-json\/wp\/v2\/types\/page"}],"author":[{"embeddable":true,"href":"https:\/\/anbc.org.br\/en\/wp-json\/wp\/v2\/users\/1"}],"replies":[{"embeddable":true,"href":"https:\/\/anbc.org.br\/en\/wp-json\/wp\/v2\/comments?post=1412"}],"version-history":[{"count":51,"href":"https:\/\/anbc.org.br\/en\/wp-json\/wp\/v2\/pages\/1412\/revisions"}],"predecessor-version":[{"id":3382,"href":"https:\/\/anbc.org.br\/en\/wp-json\/wp\/v2\/pages\/1412\/revisions\/3382"}],"wp:attachment":[{"href":"https:\/\/anbc.org.br\/en\/wp-json\/wp\/v2\/media?parent=1412"}],"curies":[{"name":"wp","href":"https:\/\/api.w.org\/{rel}","templated":true}]}}